{"id":98,"date":"2022-10-20T10:23:33","date_gmt":"2022-10-20T08:23:33","guid":{"rendered":"https:\/\/www.biolandgarten.com\/?page_id=98"},"modified":"2022-10-20T10:23:33","modified_gmt":"2022-10-20T08:23:33","slug":"impressum","status":"publish","type":"page","link":"https:\/\/www.biolandgarten.com\/?page_id=98","title":{"rendered":"Impressum"},"content":{"rendered":"\n<p>Home of Biolandgarten<\/p>\n\n\n\n\n\n<p>Bio-Landgarten ist eine eingetragene Marke von<\/p>\n\n\n\n<figure class=\"wp-block-image size-large is-resized\"><img loading=\"lazy\" decoding=\"async\" src=\"https:\/\/www.biolandgarten.com\/wp-content\/uploads\/2016\/12\/Ischia_Logo_2015.jpg\" alt=\"Bio Orangen in Tirol\" class=\"wp-image-54\" width=\"614\" height=\"208\" srcset=\"https:\/\/www.biolandgarten.com\/wp-content\/uploads\/2016\/12\/Ischia_Logo_2015.jpg 732w, https:\/\/www.biolandgarten.com\/wp-content\/uploads\/2016\/12\/Ischia_Logo_2015-300x102.jpg 300w, https:\/\/www.biolandgarten.com\/wp-content\/uploads\/2016\/12\/Ischia_Logo_2015-500x169.jpg 500w\" sizes=\"(max-width: 614px) 100vw, 614px\" \/><\/figure>\n\n\n\n<p>Firmenname: Johann Ischia &amp; Co. Im- und Exportgesellschaft.m.b.H.&amp; Co.KG <\/p>\n\n\n\n<p>Adresse &#8211; Firmensitz: A-6020 Innsbruck, Amraserstra\u00dfe 6 <\/p>\n\n\n\n<p>Telefon: 0512-52015 Fax: 0512-5201515 Email: &#x69;&#x6e;&#x66;&#x6f;&#64;&#105;sch&#x69;&#x61;&#x2e;&#x61;&#116; Adresse &#8211;<\/p>\n\n\n\n<p>Zweigniederlassung: A-6370 Kitzb\u00fchel, Achenweg 32 Telefon: 05356-66633 Fax: 05356-66633-16 Email: &#x6b;&#105;t&#x7a;&#64;i&#x73;&#99;h&#x69;&#97;&#46;&#x61;&#116; <\/p>\n\n\n\n<p>UID-Nummer: ATU41212200 &#8211; <\/p>\n\n\n\n<p>Firmenbuchnummer: 149482b &#8211; Firmenbuchgericht:  Innsbruck<\/p>\n\n\n\n<p>Beh\u00f6rde gem\u00e4\u00df ECG (E-Commerce-Gesetz: Magistrat der Stadt Innsbruck, Bezirkshauptmannschaft Kitzb\u00fchel <\/p>\n\n\n\n<p>Weitere Aufsichtsbeh\u00f6rde gem\u00e4\u00df ECG: keine<\/p>\n\n\n\n<p>Mitglied der Wirtschaftskammer Tirol: LG Agrarhandel, LG Au\u00dfenhandel, LG Lebensmittelhandel, LG Markt-, Stra\u00dfen- und Wanderhandel, LG Handelsagenten etc.<\/p>\n\n\n\n<p>Biokontrollstelle: <\/p>\n\n\n\n<figure class=\"wp-block-image size-large\"><img loading=\"lazy\" decoding=\"async\" width=\"243\" height=\"50\" src=\"https:\/\/www.biolandgarten.com\/wp-content\/uploads\/2022\/10\/l-lacon.png\" alt=\"\" class=\"wp-image-99\"\/><figcaption>AT-BIO-402<\/figcaption><\/figure>\n\n\n\n<p><\/p>\n\n\n\n<p>Unbeschr\u00e4nkt haftende Gesellschafterin: K.J.Ischia Lebensmittelvertriebsgesellschaft m.b.H. &#8211; Gesellschaftssitz Innsbruck &#8211; Firmenbuchgericht Innsbruck &#8211; FN 149143d<\/p>\n","protected":false},"excerpt":{"rendered":"<p>Home of Biolandgarten Bio-Landgarten ist eine eingetragene Marke von Firmenname: Johann Ischia &amp; Co. Im- und Exportgesellschaft.m.b.H.&amp; Co.KG Adresse &#8211; Firmensitz: A-6020 Innsbruck, Amraserstra\u00dfe 6 Telefon: 0512-52015 Fax: 0512-5201515 Email: &#105;&#x6e;&#102;&#x6f;&#64;&#105;&#x73;&#99;&#x68;i&#x61;&#46;&#97;&#x74; Adresse &#8211; Zweigniederlassung: A-6370 Kitzb\u00fchel, Achenweg 32 Telefon: 05356-66633 &hellip; <a href=\"https:\/\/www.biolandgarten.com\/?page_id=98\">Weiterlesen <span class=\"meta-nav\">&rarr;<\/span><\/a><\/p>\n","protected":false},"author":2,"featured_media":0,"parent":0,"menu_order":0,"comment_status":"closed","ping_status":"closed","template":"","meta":{"footnotes":""},"class_list":["post-98","page","type-page","status-publish","hentry"],"_links":{"self":[{"href":"https:\/\/www.biolandgarten.com\/index.php?rest_route=\/wp\/v2\/pages\/98"}],"collection":[{"href":"https:\/\/www.biolandgarten.com\/index.php?rest_route=\/wp\/v2\/pages"}],"about":[{"href":"https:\/\/www.biolandgarten.com\/index.php?rest_route=\/wp\/v2\/types\/page"}],"author":[{"embeddable":true,"href":"https:\/\/www.biolandgarten.com\/index.php?rest_route=\/wp\/v2\/users\/2"}],"replies":[{"embeddable":true,"href":"https:\/\/www.biolandgarten.com\/index.php?rest_route=%2Fwp%2Fv2%2Fcomments&post=98"}],"version-history":[{"count":1,"href":"https:\/\/www.biolandgarten.com\/index.php?rest_route=\/wp\/v2\/pages\/98\/revisions"}],"predecessor-version":[{"id":102,"href":"https:\/\/www.biolandgarten.com\/index.php?rest_route=\/wp\/v2\/pages\/98\/revisions\/102"}],"wp:attachment":[{"href":"https:\/\/www.biolandgarten.com\/index.php?rest_route=%2Fwp%2Fv2%2Fmedia&parent=98"}],"curies":[{"name":"wp","href":"https:\/\/api.w.org\/{rel}","templated":true}]}}